{"id":1300,"date":"2021-11-11T14:44:53","date_gmt":"2021-11-11T13:44:53","guid":{"rendered":"https:\/\/www.greif-an.de\/workshop-grinding-machines\/"},"modified":"2024-04-15T15:36:56","modified_gmt":"2024-04-15T13:36:56","slug":"workshop-grinding-machines","status":"publish","type":"page","link":"https:\/\/www.greif-an.de\/en\/workshop-grinding-machines\/","title":{"rendered":"Workshop grinding machines"},"content":{"rendered":"<p>[et_pb_section fb_built=&#8221;1&#8243; _builder_version=&#8221;4.16&#8243; _module_preset=&#8221;default&#8221; custom_padding=&#8221;5vw||5vw||true|false&#8221; global_colors_info=&#8221;{}&#8221;][et_pb_row column_structure=&#8221;1_3,2_3&#8243; make_equal=&#8221;on&#8221; _builder_version=&#8221;4.16&#8243; _module_preset=&#8221;default&#8221; max_width=&#8221;100%&#8221; max_width_tablet=&#8221;100%&#8221; max_width_phone=&#8221;100%&#8221; min_height=&#8221;550px&#8221; custom_padding=&#8221;0px|5vw|0px|5vw|false|true&#8221; global_colors_info=&#8221;{}&#8221;][et_pb_column type=&#8221;1_3&#8243; module_class=&#8221;vertical-align&#8221; _builder_version=&#8221;4.16&#8243; _module_preset=&#8221;default&#8221; background_enable_image=&#8221;off&#8221; parallax=&#8221;on&#8221; transform_scale_tablet=&#8221;&#8221; transform_scale_phone=&#8221;&#8221; transform_scale_last_edited=&#8221;on|desktop&#8221; transform_translate=&#8221;-60px|0px&#8221; transform_translate_tablet=&#8221;-60px|240px&#8221; transform_translate_phone=&#8221;&#8221; transform_translate_last_edited=&#8221;on|tablet&#8221; transform_translate_linked=&#8221;off&#8221; transform_rotate_tablet=&#8221;&#8221; transform_rotate_phone=&#8221;&#8221; transform_rotate_last_edited=&#8221;on|desktop&#8221; transform_skew_tablet=&#8221;&#8221; transform_skew_phone=&#8221;&#8221; transform_skew_last_edited=&#8221;on|desktop&#8221; transform_origin_tablet=&#8221;&#8221; transform_origin_phone=&#8221;&#8221; transform_origin_last_edited=&#8221;on|desktop&#8221; transform_styles_last_edited=&#8221;on|tablet&#8221; custom_padding=&#8221;||||false|true&#8221; background_last_edited=&#8221;on|desktop&#8221; background_enable_image_tablet=&#8221;off&#8221; transform_styles_tablet=&#8221;&#8221; transform_styles_phone=&#8221;&#8221; border_width_top=&#8221;5px&#8221; border_color_top=&#8221;#FF7700&#8243; border_width_right=&#8221;5px&#8221; border_color_right=&#8221;#FF7700&#8243; border_width_bottom=&#8221;5px&#8221; border_color_bottom=&#8221;#FF7700&#8243; border_width_left=&#8221;5px&#8221; border_color_left=&#8221;#FF7700&#8243; global_colors_info=&#8221;{}&#8221;][et_pb_image src=&#8221;https:\/\/www.greif-an.de\/wp-content\/uploads\/WS1A.jpg&#8221; title_text=&#8221;WS1A&#8221; align=&#8221;center&#8221; _builder_version=&#8221;4.16&#8243; _module_preset=&#8221;default&#8221; global_colors_info=&#8221;{}&#8221;][\/et_pb_image][\/et_pb_column][et_pb_column type=&#8221;2_3&#8243; module_class=&#8221;vertical-align&#8221; _builder_version=&#8221;4.16&#8243; _module_preset=&#8221;default&#8221; custom_padding=&#8221;|10vw|||false|false&#8221; global_colors_info=&#8221;{}&#8221;][et_pb_text _builder_version=&#8221;4.20.0&#8243; _module_preset=&#8221;default&#8221; text_font_size=&#8221;16px&#8221; header_2_font_size=&#8221;22px&#8221; hover_enabled=&#8221;0&#8243; global_colors_info=&#8221;{}&#8221; custom_margin_last_edited=&#8221;on|tablet&#8221; custom_margin_tablet=&#8221;50%||||false|false&#8221; sticky_enabled=&#8221;0&#8243; custom_margin_phone=&#8221;85%||||false|false&#8221;]<\/p>\n<h2>Workshop &#8211; Grinding machines<\/h2>\n<ul>\n<li>modern<\/li>\n<li>shapely<\/li>\n<li>robust<\/li>\n<li>Security<\/li>\n<\/ul>\n<p><b>More than just a &#8220;grinding jack&#8221;<\/b><\/p>\n<p>Quality and technology of a GREIF grinding machine ensure the unsurpassed long-term value.<\/p>\n<p>Meet tomorrow&#8217;s UVV regulations today:<\/p>\n<p>Forced-closing, two-part protective hoods with constant opening angle of 55\u00b0!<\/p>\n<p>Consumption reduces the diameter of each grinding wheel. The protective hood and workpiece support must then be readjusted, because the support should always be close to the grinding wheel (\u00a7 9 Para. 2 VBC 7 n6). In the case of one-piece protective hoods, this increases the opening angle and the risk to the worker from flying sparks and dust increases accordingly.<\/p>\n<p>GREiF-Technik is not content with the connection of an extraction unit and the attachment of a protective glass. On the contrary, GREIF also offers a tailor-made solution here: the positively guided closing, two-part protective hood with a constant opening angle.<\/p>\n<p>The upper and lower parts of the protective hood are connected by a hinge and each is additionally guided in its own groove in the protective hood holder. These grooves do not run parallel to each other, but converge towards each other, thus causing the upper and lower parts to close in a scissor-like manner. The extraction performance is not impaired by increasing extraneous air.<\/p>\n<p><b>The further qualitative added values of the GREIF double grinding machines:<\/b><\/p>\n<ul>\n<li>ergonomically correct working height for all column machines<\/li>\n<li>Best cast iron stand<\/li>\n<li>Clamping flange formats according to DIN 6375<\/li>\n<li>Clamping flange material GGG 50, solid, for grinding wheel diameters of 300 mm and more<\/li>\n<li>Precision-ground clamping flange mount<\/li>\n<li>Lowest grinding wheel unbalance<\/li>\n<li>Shaft ends countersunk in the clamping flanges<\/li>\n<li>Grinding wheel sizes according to din 69120<\/li>\n<li>three-piece motor housing made of best iron casting for sizes from 300 mm upwards<\/li>\n<li>all turned parts CNC machined<\/li>\n<li>lockable main switches with undervoltage release for sizes from 300 mm according to DIN VDE 0113 part 1<\/li>\n<li>Backlash-free opposed, dust-tight and maintenance-free rolling bearings for low-noise operation and long service life<\/li>\n<li>Occupational safety tested by the employers&#8217; liability insurance association<\/li>\n<li>functional and modern industrial design<\/li>\n<li>highly wear-resistant polyurethane 2-component coating<\/li>\n<li>Stator winding made of highly heat-resistant enameled copper wire type W180 to DIN 46416 Part 5 for tropicalized insulation class B to VDE 0530 Part 1<\/li>\n<\/ul>\n<p>[\/et_pb_text][et_pb_button button_text=&#8221;Contact us!&#8221; _builder_version=&#8221;4.16&#8243; _module_preset=&#8221;default&#8221; custom_button=&#8221;on&#8221; button_bg_color=&#8221;#FF7700&#8243; custom_margin=&#8221;1vw||||false|false&#8221; global_colors_info=&#8221;{}&#8221; button_bg_color__hover_enabled=&#8221;on|hover&#8221; button_bg_color__hover=&#8221;#FFB70D&#8221; button_bg_enable_color__hover=&#8221;on&#8221;][\/et_pb_button][\/et_pb_column][\/et_pb_row][et_pb_row _builder_version=&#8221;4.16&#8243; _module_preset=&#8221;default&#8221; custom_margin=&#8221;10vw||||false|false&#8221; custom_padding=&#8221;0px||0px||false|false&#8221; global_colors_info=&#8221;{}&#8221;][et_pb_column type=&#8221;4_4&#8243; _builder_version=&#8221;4.16&#8243; _module_preset=&#8221;default&#8221; global_colors_info=&#8221;{}&#8221;][dvmd_table_maker tbl_row_header_count=&#8221;0&#8243; tbl_chead_cell_color=&#8221;#FF7700&#8243; _builder_version=&#8221;4.16&#8243; _module_preset=&#8221;default&#8221; global_colors_info=&#8221;{}&#8221;][dvmd_table_maker_item col_label=&#8221;Typ&#8221; _builder_version=&#8221;4.16&#8243; _module_preset=&#8221;default&#8221; global_colors_info=&#8221;{}&#8221;][\/dvmd_table_maker_item][dvmd_table_maker_item col_label=&#8221;Ausr\u00fcstung&#8221; col_content=&#8221;Ausr\u00fcstung Schalter f\u00fcr direkte Einschaltung<\/p>\n<p>Serienm\u00e4\u00dfig mit NK-Schleifscheiben 175 x 25 x 50,8 mm <\/p>\n<p>linke Seite K\u00f6rnung 36\/P<\/p>\n<p>rechte Seite K\u00f6rnung 60\/M<\/p>\n<p>bei Anschlu\u00df an Einphasen-Wechsel- Strom Lichtleitung 220V Schalter f\u00fcr direkte Einschaltung<\/p>\n<p>Serienm\u00e4\u00dfig mit NK-Schleifscheiben 200 x 32 x 50,8 mm<\/p>\n<p>linke Seite K\u00f6rnung 36\/P<\/p>\n<p>rechte Seite K\u00f6rnung 60\/L-M<\/p>\n<p>bei Anschlu\u00df an Einphasen-Wechsel- Strom Lichtleitung 220V Schalter f\u00fcr direkte Einschaltung<\/p>\n<p>Serienm\u00e4\u00dfig mit NK-Schleifscheiben 300 x 40 x 76,2 mm<\/p>\n<p>linke Seite K\u00f6rnung 24\/P<\/p>\n<p>rechte Seite K\u00f6rnung 60\/M Schalter f\u00fcr direkte Einschaltung<\/p>\n<p>Serienm\u00e4\u00dfig mit NK-Schleifscheiben 400 x 50 x 127 mm<\/p>\n<p>linke Seite K\u00f6rnung 24\/P<\/p>\n<p>rechte Seite K\u00f6rnung 36\/M&#8221; _builder_version=&#8221;4.16&#8243; _module_preset=&#8221;default&#8221; global_colors_info=&#8221;{}&#8221;][\/dvmd_table_maker_item][dvmd_table_maker_item col_label=&#8221;Ma\u00dfe&#8221; _builder_version=&#8221;4.16&#8243; _module_preset=&#8221;default&#8221; global_colors_info=&#8221;{}&#8221;][\/dvmd_table_maker_item][dvmd_table_maker_item col_label=&#8221;KW&#8221; col_content=&#8221;KW 0,37 \/ 0,24 0,55 \/ 0,37 1,5 3,0&#8243; _builder_version=&#8221;4.16&#8243; _module_preset=&#8221;default&#8221; global_colors_info=&#8221;{}&#8221;][\/dvmd_table_maker_item][dvmd_table_maker_item col_label=&#8221;min&#8221; col_content=&#8221;min 3000 3000 1500 1500&#8243; _builder_version=&#8221;4.16&#8243; _module_preset=&#8221;default&#8221; global_colors_info=&#8221;{}&#8221;][\/dvmd_table_maker_item][dvmd_table_maker_item col_label=&#8221;Tisch&#8221; col_content=&#8221;Tisch H=160mm G= 15kg <br \/>1-170<br \/>1-172 H=160mm G= 18kg <br \/>1-208<br \/>1-210 H=225mm G= 90kg <br \/>1-309 H=620mm G= 181kg<br \/>1-406&#8243; _builder_version=&#8221;4.16&#8243; _module_preset=&#8221;default&#8221; global_colors_info=&#8221;{}&#8221;][\/dvmd_table_maker_item][dvmd_table_maker_item col_label=&#8221;Sockel&#8221; col_content=&#8221;Sockel H=620mm G=116kg <br \/>1-310&#8243; _builder_version=&#8221;4.16&#8243; _module_preset=&#8221;default&#8221; global_colors_info=&#8221;{}&#8221;][\/dvmd_table_maker_item][dvmd_table_maker_item col_label=&#8221;St\u00e4nder&#8221; col_content=&#8221;St\u00e4nder H=960mm G= 45kg <br \/> 1-171 <br \/> 1-173 H=960mm G= 48kg <br \/> 1-209 <br \/> 1-211 H=960mm G= 134kg <br \/> 1-311 H=920mm G= 199kg <br \/> 1-407&#8243; _builder_version=&#8221;4.16&#8243; _module_preset=&#8221;default&#8221; global_colors_info=&#8221;{}&#8221;][\/dvmd_table_maker_item][\/dvmd_table_maker][\/et_pb_column][\/et_pb_row][\/et_pb_section]<\/p>\n","protected":false},"excerpt":{"rendered":"<p>Workshop &#8211; Grinding machines modern shapely robust Security More than just a &#8220;grinding jack&#8221; Quality and technology of a GREIF grinding machine ensure the unsurpassed long-term value. Meet tomorrow&#8217;s UVV regulations today: Forced-closing, two-part protective hoods with constant opening angle of 55\u00b0! Consumption reduces the diameter of each grinding wheel. The protective hood and workpiece [&hellip;]<\/p>\n","protected":false},"author":1,"featured_media":0,"parent":0,"menu_order":80,"comment_status":"closed","ping_status":"closed","template":"","meta":{"_et_pb_use_builder":"on","_et_pb_old_content":"","_et_gb_content_width":"","footnotes":""},"yoast_head":"<!-- This site is optimized with the Yoast SEO plugin v22.5 - https:\/\/yoast.com\/wordpress\/plugins\/seo\/ -->\n<title>Workshop grinding machines - GREIF Robot Schleifsystem<\/title>\n<meta name=\"robots\" content=\"index, follow, max-snippet:-1, max-image-preview:large, max-video-preview:-1\" \/>\n<link rel=\"canonical\" href=\"https:\/\/www.greif-an.de\/en\/workshop-grinding-machines\/\" \/>\n<meta property=\"og:locale\" content=\"en_US\" \/>\n<meta property=\"og:type\" content=\"article\" \/>\n<meta property=\"og:title\" content=\"Workshop grinding machines - GREIF Robot Schleifsystem\" \/>\n<meta property=\"og:description\" content=\"Workshop - Grinding machines modern shapely robust Security More than just a &quot;grinding jack&quot; Quality and technology of a GREIF grinding machine ensure the unsurpassed long-term value. Meet tomorrow&#039;s UVV regulations today: Forced-closing, two-part protective hoods with constant opening angle of 55\u00b0! Consumption reduces the diameter of each grinding wheel. The protective hood and workpiece [&hellip;]\" \/>\n<meta property=\"og:url\" content=\"https:\/\/www.greif-an.de\/en\/workshop-grinding-machines\/\" \/>\n<meta property=\"og:site_name\" content=\"GREIF Robot Schleifsystem\" \/>\n<meta property=\"article:modified_time\" content=\"2024-04-15T13:36:56+00:00\" \/>\n<meta name=\"twitter:card\" content=\"summary_large_image\" \/>\n<meta name=\"twitter:label1\" content=\"Est. reading time\" \/>\n\t<meta name=\"twitter:data1\" content=\"5 minutes\" \/>\n<script type=\"application\/ld+json\" class=\"yoast-schema-graph\">{\"@context\":\"https:\/\/schema.org\",\"@graph\":[{\"@type\":\"WebPage\",\"@id\":\"https:\/\/www.greif-an.de\/en\/workshop-grinding-machines\/\",\"url\":\"https:\/\/www.greif-an.de\/en\/workshop-grinding-machines\/\",\"name\":\"Workshop grinding machines - GREIF Robot Schleifsystem\",\"isPartOf\":{\"@id\":\"https:\/\/www.greif-an.de\/#website\"},\"datePublished\":\"2021-11-11T13:44:53+00:00\",\"dateModified\":\"2024-04-15T13:36:56+00:00\",\"breadcrumb\":{\"@id\":\"https:\/\/www.greif-an.de\/en\/workshop-grinding-machines\/#breadcrumb\"},\"inLanguage\":\"en-US\",\"potentialAction\":[{\"@type\":\"ReadAction\",\"target\":[\"https:\/\/www.greif-an.de\/en\/workshop-grinding-machines\/\"]}]},{\"@type\":\"BreadcrumbList\",\"@id\":\"https:\/\/www.greif-an.de\/en\/workshop-grinding-machines\/#breadcrumb\",\"itemListElement\":[{\"@type\":\"ListItem\",\"position\":1,\"name\":\"Home\",\"item\":\"https:\/\/www.greif-an.de\/\"},{\"@type\":\"ListItem\",\"position\":2,\"name\":\"Workshop grinding machines\"}]},{\"@type\":\"WebSite\",\"@id\":\"https:\/\/www.greif-an.de\/#website\",\"url\":\"https:\/\/www.greif-an.de\/\",\"name\":\"GREIF Robot Schleifsystem\",\"description\":\"\",\"potentialAction\":[{\"@type\":\"SearchAction\",\"target\":{\"@type\":\"EntryPoint\",\"urlTemplate\":\"https:\/\/www.greif-an.de\/?s={search_term_string}\"},\"query-input\":\"required name=search_term_string\"}],\"inLanguage\":\"en-US\"}]}<\/script>\n<!-- \/ Yoast SEO plugin. -->","yoast_head_json":{"title":"Workshop grinding machines - GREIF Robot Schleifsystem","robots":{"index":"index","follow":"follow","max-snippet":"max-snippet:-1","max-image-preview":"max-image-preview:large","max-video-preview":"max-video-preview:-1"},"canonical":"https:\/\/www.greif-an.de\/en\/workshop-grinding-machines\/","og_locale":"en_US","og_type":"article","og_title":"Workshop grinding machines - GREIF Robot Schleifsystem","og_description":"Workshop - Grinding machines modern shapely robust Security More than just a \"grinding jack\" Quality and technology of a GREIF grinding machine ensure the unsurpassed long-term value. Meet tomorrow's UVV regulations today: Forced-closing, two-part protective hoods with constant opening angle of 55\u00b0! Consumption reduces the diameter of each grinding wheel. The protective hood and workpiece [&hellip;]","og_url":"https:\/\/www.greif-an.de\/en\/workshop-grinding-machines\/","og_site_name":"GREIF Robot Schleifsystem","article_modified_time":"2024-04-15T13:36:56+00:00","twitter_card":"summary_large_image","twitter_misc":{"Est. reading time":"5 minutes"},"schema":{"@context":"https:\/\/schema.org","@graph":[{"@type":"WebPage","@id":"https:\/\/www.greif-an.de\/en\/workshop-grinding-machines\/","url":"https:\/\/www.greif-an.de\/en\/workshop-grinding-machines\/","name":"Workshop grinding machines - GREIF Robot Schleifsystem","isPartOf":{"@id":"https:\/\/www.greif-an.de\/#website"},"datePublished":"2021-11-11T13:44:53+00:00","dateModified":"2024-04-15T13:36:56+00:00","breadcrumb":{"@id":"https:\/\/www.greif-an.de\/en\/workshop-grinding-machines\/#breadcrumb"},"inLanguage":"en-US","potentialAction":[{"@type":"ReadAction","target":["https:\/\/www.greif-an.de\/en\/workshop-grinding-machines\/"]}]},{"@type":"BreadcrumbList","@id":"https:\/\/www.greif-an.de\/en\/workshop-grinding-machines\/#breadcrumb","itemListElement":[{"@type":"ListItem","position":1,"name":"Home","item":"https:\/\/www.greif-an.de\/"},{"@type":"ListItem","position":2,"name":"Workshop grinding machines"}]},{"@type":"WebSite","@id":"https:\/\/www.greif-an.de\/#website","url":"https:\/\/www.greif-an.de\/","name":"GREIF Robot Schleifsystem","description":"","potentialAction":[{"@type":"SearchAction","target":{"@type":"EntryPoint","urlTemplate":"https:\/\/www.greif-an.de\/?s={search_term_string}"},"query-input":"required name=search_term_string"}],"inLanguage":"en-US"}]}},"_links":{"self":[{"href":"https:\/\/www.greif-an.de\/en\/wp-json\/wp\/v2\/pages\/1300"}],"collection":[{"href":"https:\/\/www.greif-an.de\/en\/wp-json\/wp\/v2\/pages"}],"about":[{"href":"https:\/\/www.greif-an.de\/en\/wp-json\/wp\/v2\/types\/page"}],"author":[{"embeddable":true,"href":"https:\/\/www.greif-an.de\/en\/wp-json\/wp\/v2\/users\/1"}],"replies":[{"embeddable":true,"href":"https:\/\/www.greif-an.de\/en\/wp-json\/wp\/v2\/comments?post=1300"}],"version-history":[{"count":3,"href":"https:\/\/www.greif-an.de\/en\/wp-json\/wp\/v2\/pages\/1300\/revisions"}],"predecessor-version":[{"id":1514,"href":"https:\/\/www.greif-an.de\/en\/wp-json\/wp\/v2\/pages\/1300\/revisions\/1514"}],"wp:attachment":[{"href":"https:\/\/www.greif-an.de\/en\/wp-json\/wp\/v2\/media?parent=1300"}],"curies":[{"name":"wp","href":"https:\/\/api.w.org\/{rel}","templated":true}]}}