{"id":1303,"date":"2021-11-11T14:49:03","date_gmt":"2021-11-11T13:49:03","guid":{"rendered":"https:\/\/www.greif-an.de\/industrial-polishing-machines\/"},"modified":"2024-04-15T15:39:50","modified_gmt":"2024-04-15T13:39:50","slug":"industrial-polishing-machines","status":"publish","type":"page","link":"https:\/\/www.greif-an.de\/en\/industrial-polishing-machines\/","title":{"rendered":"Industrial polishing machines"},"content":{"rendered":"<p>[et_pb_section fb_built=&#8221;1&#8243; _builder_version=&#8221;4.16&#8243; _module_preset=&#8221;default&#8221; custom_padding=&#8221;5vw||5vw||true|false&#8221; global_colors_info=&#8221;{}&#8221;][et_pb_row column_structure=&#8221;1_3,2_3&#8243; make_equal=&#8221;on&#8221; _builder_version=&#8221;4.16&#8243; _module_preset=&#8221;default&#8221; max_width=&#8221;100%&#8221; max_width_tablet=&#8221;100%&#8221; max_width_phone=&#8221;100%&#8221; min_height=&#8221;550px&#8221; custom_padding=&#8221;0px|5vw|0px|5vw|false|true&#8221; global_colors_info=&#8221;{}&#8221;][et_pb_column type=&#8221;1_3&#8243; module_class=&#8221;vertical-align&#8221; _builder_version=&#8221;4.16&#8243; _module_preset=&#8221;default&#8221; background_enable_image=&#8221;off&#8221; parallax=&#8221;on&#8221; transform_scale_tablet=&#8221;&#8221; transform_scale_phone=&#8221;&#8221; transform_scale_last_edited=&#8221;on|desktop&#8221; transform_translate=&#8221;-60px|0px&#8221; transform_translate_tablet=&#8221;-60px|240px&#8221; transform_translate_phone=&#8221;&#8221; transform_translate_last_edited=&#8221;on|tablet&#8221; transform_translate_linked=&#8221;off&#8221; transform_rotate_tablet=&#8221;&#8221; transform_rotate_phone=&#8221;&#8221; transform_rotate_last_edited=&#8221;on|desktop&#8221; transform_skew_tablet=&#8221;&#8221; transform_skew_phone=&#8221;&#8221; transform_skew_last_edited=&#8221;on|desktop&#8221; transform_origin_tablet=&#8221;&#8221; transform_origin_phone=&#8221;&#8221; transform_origin_last_edited=&#8221;on|desktop&#8221; transform_styles_last_edited=&#8221;on|tablet&#8221; custom_padding=&#8221;||||false|true&#8221; background_last_edited=&#8221;on|desktop&#8221; background_enable_image_tablet=&#8221;off&#8221; transform_styles_tablet=&#8221;&#8221; transform_styles_phone=&#8221;&#8221; border_width_top=&#8221;5px&#8221; border_color_top=&#8221;#FF7700&#8243; border_width_right=&#8221;5px&#8221; border_color_right=&#8221;#FF7700&#8243; border_width_bottom=&#8221;5px&#8221; border_color_bottom=&#8221;#FF7700&#8243; border_width_left=&#8221;5px&#8221; border_color_left=&#8221;#FF7700&#8243; global_colors_info=&#8221;{}&#8221;][et_pb_image src=&#8221;https:\/\/www.greif-an.de\/wp-content\/uploads\/IP1B.jpg&#8221; title_text=&#8221;IP1B&#8221; align=&#8221;center&#8221; _builder_version=&#8221;4.16&#8243; _module_preset=&#8221;default&#8221; global_colors_info=&#8221;{}&#8221;][\/et_pb_image][\/et_pb_column][et_pb_column type=&#8221;2_3&#8243; module_class=&#8221;vertical-align&#8221; _builder_version=&#8221;4.16&#8243; _module_preset=&#8221;default&#8221; custom_padding=&#8221;|10vw|||false|false&#8221; global_colors_info=&#8221;{}&#8221;][et_pb_text _builder_version=&#8221;4.20.0&#8243; _module_preset=&#8221;default&#8221; text_font_size=&#8221;16px&#8221; header_2_font_size=&#8221;22px&#8221; hover_enabled=&#8221;0&#8243; global_colors_info=&#8221;{}&#8221; custom_margin_last_edited=&#8221;on|tablet&#8221; custom_margin_tablet=&#8221;50%||||false|false&#8221; sticky_enabled=&#8221;0&#8243; custom_margin_phone=&#8221;85%||||false|false&#8221;]<\/p>\n<h2>Industry &#8211; polishing machines<\/h2>\n<ul>\n<ul>\n<li>modern<\/li>\n<li>shapely<\/li>\n<li>robust<\/li>\n<li>Security<\/li>\n<\/ul>\n<\/ul>\n<p>Guaranteed by testing by the employers&#8217; liability insurance association<\/p>\n<p><b>More than just a &#8221;polishing stand&#8221;:<br \/>Quality and technology of a gripping polishing machine ensure the unsurpassed long-term value.<\/b><\/p>\n<p>All made of sturdy material<\/p>\n<p>The weight of each machine model is proof that Greif is not a cheap sheet metal cobbler. The machine frame and motor housing are stable castings that contribute significantly to the smooth running and noise reduction of the machines. The motors have cast-on bearing end caps for better sealing against polishing dust and their power prevents wheel stop even at high polishing pressure.<\/p>\n<p>The shape is not just a formality<\/p>\n<p>The harmonious lines, which you will also find in detail at GREIF, determine not only aesthetics, but above all the function of the polishing machines. Thus, the modern motor design is characterized by the combination of quadrilateral cross-sections in two planes with circular arcs of different radii overlapping the edges, through which a much larger surface area is achieved than with a cylindrical motor. The result is optimal heat dissipation to the surrounding air.<\/p>\n<p>Powerful, precise and durable: the GRElF motor<\/p>\n<p>GRElF motors run without problems even after 50000 operating hours. Each one is extremely resilient and surprisingly quiet. This is the result of decades of experience in engine construction (since 1928). Rigidity and precision, which determine the work result, are a matter of course for GRElF motors:<\/p>\n<ul>\n<li>The precision-ground and dynamically balanced motor shafts are supported in deep groove ball bearings, which are adjusted against each other as non-locating bearings and are under axial spring tension. This results in low noise, long service life and precise concentricity.<\/li>\n<li>The motors are internally cooled, with the air circulated by the rotor absorbing the heat from the stator and transferring it to the housing and stator walls. The worker is not disturbed by any drafts.<\/li>\n<li>The clamping width at the shaft end is designed so generously that polishing wheels or brushes of different widths can be clamped on. The width differences are bridged by spacer rings.<\/li>\n<\/ul>\n<p>[\/et_pb_text][et_pb_text _builder_version=&#8221;4.16&#8243; _module_preset=&#8221;default&#8221; global_colors_info=&#8221;{}&#8221;]<b>The further qualitative added values of the GREIF &#8211; double polishing machines:<\/b><\/p>\n<ul>\n<li>ergonomically correct working height for all column machines<\/li>\n<li>Best cast iron stand<\/li>\n<li>Precision-ground clamping flange mount<\/li>\n<li>Torque transmission via key connection in adjusting ring for diameters from 300 mm<\/li>\n<li>Polishing wheel tightening via protected internal thread and commercially available center screw for diameters of 300 mm and larger<\/li>\n<li>Retention of the polishing shaft via large-dimensioned adjusting ring with wrench flats<\/li>\n<li>three-part motor housing made of best iron casting for sizes from 300 mm upwards<\/li>\n<li>all turned parts CNC machined<\/li>\n<li>lockable main switches with undervoltage release for sizes from 300 mm according to DlN VDE 0113 Part1<\/li>\n<li>Backlash-free opposed, dust-tight and maintenance-free rolling bearings for low-noise operation and long service life<\/li>\n<li>functional and modern industrial design<\/li>\n<li>highly wear-resistant polyurethane 2-component coating<\/li>\n<li>Stator winding made of highly heat-resistant enameled copper wire type W 180 to DIN 46416 Part 5 for tropicalized insulation class B to VDE 0530 Part 1<\/li>\n<\/ul>\n<p>[\/et_pb_text][et_pb_button button_text=&#8221;Contact us!&#8221; _builder_version=&#8221;4.16&#8243; _module_preset=&#8221;default&#8221; custom_button=&#8221;on&#8221; button_bg_color=&#8221;#FF7700&#8243; custom_margin=&#8221;1vw||||false|false&#8221; global_colors_info=&#8221;{}&#8221; button_bg_color__hover_enabled=&#8221;on|hover&#8221; button_bg_color__hover=&#8221;#FFB70D&#8221; button_bg_enable_color__hover=&#8221;on&#8221;][\/et_pb_button][\/et_pb_column][\/et_pb_row][et_pb_row _builder_version=&#8221;4.16&#8243; _module_preset=&#8221;default&#8221; custom_margin=&#8221;10vw||||false|false&#8221; custom_padding=&#8221;0px||0px||false|false&#8221; locked=&#8221;off&#8221; global_colors_info=&#8221;{}&#8221;][et_pb_column type=&#8221;4_4&#8243; _builder_version=&#8221;4.16&#8243; _module_preset=&#8221;default&#8221; global_colors_info=&#8221;{}&#8221;][dvmd_table_maker tbl_row_header_count=&#8221;0&#8243; tbl_chead_cell_color=&#8221;#FF7700&#8243; _builder_version=&#8221;4.16&#8243; _module_preset=&#8221;default&#8221; global_colors_info=&#8221;{}&#8221;][dvmd_table_maker_item col_label=&#8221;Typ&#8221; _builder_version=&#8221;4.16&#8243; _module_preset=&#8221;default&#8221; global_colors_info=&#8221;{}&#8221;][\/dvmd_table_maker_item][dvmd_table_maker_item col_label=&#8221;Ausr\u00fcstung&#8221; col_content=&#8221;Ausr\u00fcstung Schalter f\u00fcr direkte Einschaltung<\/p>\n<p>Serienm\u00e4\u00dfig mit NK-Schleifscheiben 175 x 25 x 50,8 mm <\/p>\n<p>linke Seite K\u00f6rnung 36\/P<\/p>\n<p>rechte Seite K\u00f6rnung 60\/M<\/p>\n<p>bei Anschlu\u00df an Einphasen-Wechsel- Strom Lichtleitung 220V Schalter f\u00fcr direkte Einschaltung<\/p>\n<p>Serienm\u00e4\u00dfig mit NK-Schleifscheiben 200 x 32 x 50,8 mm<\/p>\n<p>linke Seite K\u00f6rnung 36\/P<\/p>\n<p>rechte Seite K\u00f6rnung 60\/L-M<\/p>\n<p>bei Anschlu\u00df an Einphasen-Wechsel- Strom Lichtleitung 220V Schalter f\u00fcr direkte Einschaltung<\/p>\n<p>Serienm\u00e4\u00dfig mit NK-Schleifscheiben 300 x 40 x 76,2 mm<\/p>\n<p>linke Seite K\u00f6rnung 24\/P<\/p>\n<p>rechte Seite K\u00f6rnung 60\/M Schalter f\u00fcr direkte Einschaltung<\/p>\n<p>Serienm\u00e4\u00dfig mit NK-Schleifscheiben 400 x 50 x 127 mm<\/p>\n<p>linke Seite K\u00f6rnung 24\/P<\/p>\n<p>rechte Seite K\u00f6rnung 36\/M&#8221; _builder_version=&#8221;4.16&#8243; _module_preset=&#8221;default&#8221; global_colors_info=&#8221;{}&#8221;][\/dvmd_table_maker_item][dvmd_table_maker_item col_label=&#8221;Ma\u00dfe&#8221; _builder_version=&#8221;4.16&#8243; _module_preset=&#8221;default&#8221; global_colors_info=&#8221;{}&#8221;][\/dvmd_table_maker_item][dvmd_table_maker_item col_label=&#8221;KW&#8221; col_content=&#8221;KW 0,37 \/ 0,55 \/ 0,24 \/ 0,37 1,5 \/ 2,5 \/ *1,3\/1,6 3,0 \/ 4,0 \/ *2,6\/3,2&#8243; _builder_version=&#8221;4.16&#8243; _module_preset=&#8221;default&#8221; global_colors_info=&#8221;{}&#8221;][\/dvmd_table_maker_item][dvmd_table_maker_item col_label=&#8221;min&#8221; col_content=&#8221;min 1500 \/ 3000 <br \/>1500 \/ 3000 1500 \/ 3000 <br \/>1500\/3000 1500 \/ 3000 <br \/>1500\/3000&#8243; _builder_version=&#8221;4.16&#8243; _module_preset=&#8221;default&#8221; global_colors_info=&#8221;{}&#8221;][\/dvmd_table_maker_item][dvmd_table_maker_item col_label=&#8221;Tisch&#8221; col_content=&#8221;Tisch H=160mm G= 12kg <br \/> 1-200 \/ 1-202 <br \/> 1-204 \/ 1-206 H=225mm G= 65kg <br \/> 1-300 \/ 1-303 \/ 1-306 H=225mm G= 90kg&#8221; _builder_version=&#8221;4.16&#8243; _module_preset=&#8221;default&#8221; global_colors_info=&#8221;{}&#8221;][\/dvmd_table_maker_item][dvmd_table_maker_item col_label=&#8221;Sockel&#8221; col_content=&#8221;Sockel  H= 620mm G= 92kg <br \/> 1-301 \/ 1-304 \/ 1-307 H= 620mm G= 117kg <br \/> 1-400 \/ 1-402 \/ 1-404&#8243; _builder_version=&#8221;4.16&#8243; _module_preset=&#8221;default&#8221; global_colors_info=&#8221;{}&#8221;][\/dvmd_table_maker_item][dvmd_table_maker_item col_label=&#8221;St\u00e4nder&#8221; col_content=&#8221;St\u00e4nder H=960mm G= 42kg <br \/> 1-201 \/ 1-203 <br \/> 1-205 \/ 1-207 H=920mm G= 110kg <br \/> 1-302 \/ 1-305 \/ 1-308 H=920mm G= 135kg <br \/> 1-401 \/ 1-403 \/ 1-405&#8243; _builder_version=&#8221;4.16&#8243; _module_preset=&#8221;default&#8221; global_colors_info=&#8221;{}&#8221;][\/dvmd_table_maker_item][\/dvmd_table_maker][\/et_pb_column][\/et_pb_row][\/et_pb_section]<\/p>\n","protected":false},"excerpt":{"rendered":"<p>Industry &#8211; polishing machines modern shapely robust Security Guaranteed by testing by the employers&#8217; liability insurance association More than just a &#8221;polishing stand&#8221;:Quality and technology of a gripping polishing machine ensure the unsurpassed long-term value. All made of sturdy material The weight of each machine model is proof that Greif is not a cheap sheet [&hellip;]<\/p>\n","protected":false},"author":1,"featured_media":0,"parent":0,"menu_order":90,"comment_status":"closed","ping_status":"closed","template":"","meta":{"_et_pb_use_builder":"on","_et_pb_old_content":"","_et_gb_content_width":"","footnotes":""},"yoast_head":"<!-- This site is optimized with the Yoast SEO plugin v22.5 - https:\/\/yoast.com\/wordpress\/plugins\/seo\/ -->\n<title>Industrial polishing machines - GREIF Robot Schleifsystem<\/title>\n<meta name=\"robots\" content=\"index, follow, max-snippet:-1, max-image-preview:large, max-video-preview:-1\" \/>\n<link rel=\"canonical\" href=\"https:\/\/www.greif-an.de\/en\/industrial-polishing-machines\/\" \/>\n<meta property=\"og:locale\" content=\"en_US\" \/>\n<meta property=\"og:type\" content=\"article\" \/>\n<meta property=\"og:title\" content=\"Industrial polishing machines - GREIF Robot Schleifsystem\" \/>\n<meta property=\"og:description\" content=\"Industry - polishing machines modern shapely robust Security Guaranteed by testing by the employers&#039; liability insurance association More than just a &#039;&#039;polishing stand&#039;&#039;:Quality and technology of a gripping polishing machine ensure the unsurpassed long-term value. All made of sturdy material The weight of each machine model is proof that Greif is not a cheap sheet [&hellip;]\" \/>\n<meta property=\"og:url\" content=\"https:\/\/www.greif-an.de\/en\/industrial-polishing-machines\/\" \/>\n<meta property=\"og:site_name\" content=\"GREIF Robot Schleifsystem\" \/>\n<meta property=\"article:modified_time\" content=\"2024-04-15T13:39:50+00:00\" \/>\n<meta name=\"twitter:card\" content=\"summary_large_image\" \/>\n<meta name=\"twitter:label1\" content=\"Est. reading time\" \/>\n\t<meta name=\"twitter:data1\" content=\"6 minutes\" \/>\n<script type=\"application\/ld+json\" class=\"yoast-schema-graph\">{\"@context\":\"https:\/\/schema.org\",\"@graph\":[{\"@type\":\"WebPage\",\"@id\":\"https:\/\/www.greif-an.de\/en\/industrial-polishing-machines\/\",\"url\":\"https:\/\/www.greif-an.de\/en\/industrial-polishing-machines\/\",\"name\":\"Industrial polishing machines - GREIF Robot Schleifsystem\",\"isPartOf\":{\"@id\":\"https:\/\/www.greif-an.de\/#website\"},\"datePublished\":\"2021-11-11T13:49:03+00:00\",\"dateModified\":\"2024-04-15T13:39:50+00:00\",\"breadcrumb\":{\"@id\":\"https:\/\/www.greif-an.de\/en\/industrial-polishing-machines\/#breadcrumb\"},\"inLanguage\":\"en-US\",\"potentialAction\":[{\"@type\":\"ReadAction\",\"target\":[\"https:\/\/www.greif-an.de\/en\/industrial-polishing-machines\/\"]}]},{\"@type\":\"BreadcrumbList\",\"@id\":\"https:\/\/www.greif-an.de\/en\/industrial-polishing-machines\/#breadcrumb\",\"itemListElement\":[{\"@type\":\"ListItem\",\"position\":1,\"name\":\"Home\",\"item\":\"https:\/\/www.greif-an.de\/\"},{\"@type\":\"ListItem\",\"position\":2,\"name\":\"Industrial polishing machines\"}]},{\"@type\":\"WebSite\",\"@id\":\"https:\/\/www.greif-an.de\/#website\",\"url\":\"https:\/\/www.greif-an.de\/\",\"name\":\"GREIF Robot Schleifsystem\",\"description\":\"\",\"potentialAction\":[{\"@type\":\"SearchAction\",\"target\":{\"@type\":\"EntryPoint\",\"urlTemplate\":\"https:\/\/www.greif-an.de\/?s={search_term_string}\"},\"query-input\":\"required name=search_term_string\"}],\"inLanguage\":\"en-US\"}]}<\/script>\n<!-- \/ Yoast SEO plugin. -->","yoast_head_json":{"title":"Industrial polishing machines - GREIF Robot Schleifsystem","robots":{"index":"index","follow":"follow","max-snippet":"max-snippet:-1","max-image-preview":"max-image-preview:large","max-video-preview":"max-video-preview:-1"},"canonical":"https:\/\/www.greif-an.de\/en\/industrial-polishing-machines\/","og_locale":"en_US","og_type":"article","og_title":"Industrial polishing machines - GREIF Robot Schleifsystem","og_description":"Industry - polishing machines modern shapely robust Security Guaranteed by testing by the employers' liability insurance association More than just a ''polishing stand'':Quality and technology of a gripping polishing machine ensure the unsurpassed long-term value. All made of sturdy material The weight of each machine model is proof that Greif is not a cheap sheet [&hellip;]","og_url":"https:\/\/www.greif-an.de\/en\/industrial-polishing-machines\/","og_site_name":"GREIF Robot Schleifsystem","article_modified_time":"2024-04-15T13:39:50+00:00","twitter_card":"summary_large_image","twitter_misc":{"Est. reading time":"6 minutes"},"schema":{"@context":"https:\/\/schema.org","@graph":[{"@type":"WebPage","@id":"https:\/\/www.greif-an.de\/en\/industrial-polishing-machines\/","url":"https:\/\/www.greif-an.de\/en\/industrial-polishing-machines\/","name":"Industrial polishing machines - GREIF Robot Schleifsystem","isPartOf":{"@id":"https:\/\/www.greif-an.de\/#website"},"datePublished":"2021-11-11T13:49:03+00:00","dateModified":"2024-04-15T13:39:50+00:00","breadcrumb":{"@id":"https:\/\/www.greif-an.de\/en\/industrial-polishing-machines\/#breadcrumb"},"inLanguage":"en-US","potentialAction":[{"@type":"ReadAction","target":["https:\/\/www.greif-an.de\/en\/industrial-polishing-machines\/"]}]},{"@type":"BreadcrumbList","@id":"https:\/\/www.greif-an.de\/en\/industrial-polishing-machines\/#breadcrumb","itemListElement":[{"@type":"ListItem","position":1,"name":"Home","item":"https:\/\/www.greif-an.de\/"},{"@type":"ListItem","position":2,"name":"Industrial polishing machines"}]},{"@type":"WebSite","@id":"https:\/\/www.greif-an.de\/#website","url":"https:\/\/www.greif-an.de\/","name":"GREIF Robot Schleifsystem","description":"","potentialAction":[{"@type":"SearchAction","target":{"@type":"EntryPoint","urlTemplate":"https:\/\/www.greif-an.de\/?s={search_term_string}"},"query-input":"required name=search_term_string"}],"inLanguage":"en-US"}]}},"_links":{"self":[{"href":"https:\/\/www.greif-an.de\/en\/wp-json\/wp\/v2\/pages\/1303"}],"collection":[{"href":"https:\/\/www.greif-an.de\/en\/wp-json\/wp\/v2\/pages"}],"about":[{"href":"https:\/\/www.greif-an.de\/en\/wp-json\/wp\/v2\/types\/page"}],"author":[{"embeddable":true,"href":"https:\/\/www.greif-an.de\/en\/wp-json\/wp\/v2\/users\/1"}],"replies":[{"embeddable":true,"href":"https:\/\/www.greif-an.de\/en\/wp-json\/wp\/v2\/comments?post=1303"}],"version-history":[{"count":3,"href":"https:\/\/www.greif-an.de\/en\/wp-json\/wp\/v2\/pages\/1303\/revisions"}],"predecessor-version":[{"id":1515,"href":"https:\/\/www.greif-an.de\/en\/wp-json\/wp\/v2\/pages\/1303\/revisions\/1515"}],"wp:attachment":[{"href":"https:\/\/www.greif-an.de\/en\/wp-json\/wp\/v2\/media?parent=1303"}],"curies":[{"name":"wp","href":"https:\/\/api.w.org\/{rel}","templated":true}]}}